{"id":19862,"date":"2025-12-08T13:26:26","date_gmt":"2025-12-08T12:26:26","guid":{"rendered":"https:\/\/krazyworld.com\/?page_id=19862"},"modified":"2026-02-03T13:34:41","modified_gmt":"2026-02-03T12:34:41","slug":"formulario-festas-de-aniversario","status":"publish","type":"page","link":"https:\/\/krazyworld.com\/en\/formulario-festas-de-aniversario\/","title":{"rendered":"Formul\u00e1rio &#8211; Festas de Anivers\u00e1rio"},"content":{"rendered":"<div data-elementor-type=\"wp-page\" data-elementor-id=\"19862\" class=\"elementor elementor-19862\">\n\t\t\t\t\t\t<section class=\"elementor-section elementor-top-section elementor-element elementor-element-cc9301a elementor-section-stretched elementor-section-full_width elementor-section-height-min-height elementor-section-height-default elementor-section-items-middle\" data-id=\"cc9301a\" data-element_type=\"section\" data-settings=\"{&quot;stretch_section&quot;:&quot;section-stretched&quot;,&quot;background_background&quot;:&quot;video&quot;,&quot;background_video_link&quot;:&quot;https:\\\/\\\/krazyworld.com\\\/wp-content\\\/uploads\\\/2025\\\/12\\\/Festas-de-Aniversario-video-converter.com_.mp4&quot;}\">\n\t\t\t\t\t\t\t\t<div class=\"elementor-background-video-container elementor-hidden-mobile\" aria-hidden=\"true\">\n\t\t\t\t\t\t\t\t\t\t\t\t\t<video class=\"elementor-background-video-hosted\" autoplay muted playsinline loop><\/video>\n\t\t\t\t\t\t\t\t\t\t\t<\/div>\n\t\t\t\t\t\t\t\t\t<div class=\"elementor-background-overlay\"><\/div>\n\t\t\t\t\t\t\t<div class=\"elementor-container elementor-column-gap-default\">\n\t\t\t\t\t<div class=\"elementor-column elementor-col-33 elementor-top-column elementor-element elementor-element-7871671\" data-id=\"7871671\" data-element_type=\"column\">\n\t\t\t<div class=\"elementor-widget-wrap\">\n\t\t\t\t\t\t\t<\/div>\n\t\t<\/div>\n\t\t\t\t<div class=\"elementor-column elementor-col-33 elementor-top-column elementor-element elementor-element-2b6ab53\" data-id=\"2b6ab53\" data-element_type=\"column\" data-settings=\"{&quot;background_background&quot;:&quot;classic&quot;}\">\n\t\t\t<div class=\"elementor-widget-wrap elementor-element-populated\">\n\t\t\t\t\t\t<div class=\"elementor-element elementor-element-e00f9d6 wd-width-100 elementor-widget elementor-widget-wd_title\" data-id=\"e00f9d6\" data-element_type=\"widget\" data-widget_type=\"wd_title.default\">\n\t\t\t\t<div class=\"elementor-widget-container\">\n\t\t\t\t\t\t\t<div class=\"title-wrapper wd-set-mb reset-last-child wd-title-color-white wd-title-style-default wd-title-size-default text-center\">\n\n\t\t\t\n\t\t\t<div class=\"liner-continer\">\n\t\t\t\t<h4 class=\"woodmart-title-container title wd-fontsize-l\">Birthday Party Booking Form<\/h4> \n\t\t\t\t\t\t\t<\/div>\n\n\t\t\t\t\t\t\t<div class=\"title-after_title reset-last-child wd-fontsize-xs\">\n\t\t\t\t\t<p>Please fill in this form. We will contact you to arrange your birthday party!<\/p>\t\t\t\t<\/div>\n\t\t\t\t\t<\/div>\n\t\t\t\t\t\t<\/div>\n\t\t\t\t<\/div>\n\t\t\t\t\t<\/div>\n\t\t<\/div>\n\t\t\t\t<div class=\"elementor-column elementor-col-33 elementor-top-column elementor-element elementor-element-967ed25\" data-id=\"967ed25\" data-element_type=\"column\">\n\t\t\t<div class=\"elementor-widget-wrap\">\n\t\t\t\t\t\t\t<\/div>\n\t\t<\/div>\n\t\t\t\t\t<\/div>\n\t\t<\/section>\n\t\t\t\t<section class=\"wd-negative-gap elementor-section elementor-top-section elementor-element elementor-element-7a582ca elementor-section-full_width elementor-section-stretched elementor-section-height-default elementor-section-height-default\" data-id=\"7a582ca\" data-element_type=\"section\" data-settings=\"{&quot;stretch_section&quot;:&quot;section-stretched&quot;}\">\n\t\t\t\t\t\t<div class=\"elementor-container elementor-column-gap-default\">\n\t\t\t\t\t<div class=\"elementor-column elementor-col-100 elementor-top-column elementor-element elementor-element-39c9481\" data-id=\"39c9481\" data-element_type=\"column\">\n\t\t\t<div class=\"elementor-widget-wrap elementor-element-populated\">\n\t\t\t\t\t\t<div class=\"elementor-element elementor-element-dd582f3 elementor-widget elementor-widget-image\" data-id=\"dd582f3\" data-element_type=\"widget\" data-widget_type=\"image.default\">\n\t\t\t\t<div class=\"elementor-widget-container\">\n\t\t\t\t\t\t\t\t\t\t\t\t\t\t\t<img loading=\"lazy\" decoding=\"async\" width=\"5408\" height=\"312\" src=\"https:\/\/krazyworld.com\/wp-content\/uploads\/2024\/05\/barra.svg\" class=\"attachment-large size-large wp-image-8697\" alt=\"\" \/>\t\t\t\t\t\t\t\t\t\t\t\t\t\t\t<\/div>\n\t\t\t\t<\/div>\n\t\t\t\t\t<\/div>\n\t\t<\/div>\n\t\t\t\t\t<\/div>\n\t\t<\/section>\n\t\t\t\t<section class=\"wd-negative-gap elementor-section elementor-top-section elementor-element elementor-element-1304e65 elementor-section-boxed elementor-section-height-default elementor-section-height-default\" data-id=\"1304e65\" data-element_type=\"section\">\n\t\t\t\t\t\t<div class=\"elementor-container elementor-column-gap-default\">\n\t\t\t\t\t<div class=\"elementor-column elementor-col-100 elementor-top-column elementor-element elementor-element-1fcbc9a\" data-id=\"1fcbc9a\" data-element_type=\"column\">\n\t\t\t<div class=\"elementor-widget-wrap elementor-element-populated\">\n\t\t\t\t\t\t<div class=\"elementor-element elementor-element-cb0079f elementor-widget elementor-widget-html\" data-id=\"cb0079f\" data-element_type=\"widget\" data-widget_type=\"html.default\">\n\t\t\t\t<div class=\"elementor-widget-container\">\n\t\t\t\t\t<style>.elementor-element-cb0079f{display:none !important}<\/style>\t\t\t\t<\/div>\n\t\t\t\t<\/div>\n\t\t\t\t<div class=\"elementor-element elementor-element-29d7065 elementor-widget elementor-widget-html\" data-id=\"29d7065\" data-element_type=\"widget\" data-widget_type=\"html.default\">\n\t\t\t\t<div class=\"elementor-widget-container\">\n\t\t\t\t\t<iframe loading=\"lazy\" src=\"https:\/\/docs.google.com\/forms\/d\/e\/1FAIpQLSei42O5HkLIMQesacTsPTdsn0HCCP9z5AuYbdDzJnJuQZbQVA\/viewform?embedded=true\" width=\"1200\" height=\"6234\" frameborder=\"0\" marginheight=\"0\" marginwidth=\"0\">A carregar\u2026<\/iframe>\t\t\t\t<\/div>\n\t\t\t\t<\/div>\n\t\t\t\t\t<\/div>\n\t\t<\/div>\n\t\t\t\t\t<\/div>\n\t\t<\/section>\n\t\t\t\t<\/div>","protected":false},"excerpt":{"rendered":"<p>Formul\u00e1rio &#8211; Festas de Anivers\u00e1rio Por favor preencha este formul\u00e1rio, n\u00f3s entraremos em contacto consigo para marcar a sua festa<\/p>","protected":false},"author":1,"featured_media":0,"parent":0,"menu_order":0,"comment_status":"closed","ping_status":"closed","template":"","meta":{"footnotes":""},"class_list":["post-19862","page","type-page","status-publish","hentry"],"jetpack_sharing_enabled":true,"_links":{"self":[{"href":"https:\/\/krazyworld.com\/en\/wp-json\/wp\/v2\/pages\/19862","targetHints":{"allow":["GET"]}}],"collection":[{"href":"https:\/\/krazyworld.com\/en\/wp-json\/wp\/v2\/pages"}],"about":[{"href":"https:\/\/krazyworld.com\/en\/wp-json\/wp\/v2\/types\/page"}],"author":[{"embeddable":true,"href":"https:\/\/krazyworld.com\/en\/wp-json\/wp\/v2\/users\/1"}],"replies":[{"embeddable":true,"href":"https:\/\/krazyworld.com\/en\/wp-json\/wp\/v2\/comments?post=19862"}],"version-history":[{"count":28,"href":"https:\/\/krazyworld.com\/en\/wp-json\/wp\/v2\/pages\/19862\/revisions"}],"predecessor-version":[{"id":22903,"href":"https:\/\/krazyworld.com\/en\/wp-json\/wp\/v2\/pages\/19862\/revisions\/22903"}],"wp:attachment":[{"href":"https:\/\/krazyworld.com\/en\/wp-json\/wp\/v2\/media?parent=19862"}],"curies":[{"name":"wp","href":"https:\/\/api.w.org\/{rel}","templated":true}]}}